{"id":453,"date":"2023-05-04T09:03:27","date_gmt":"2023-05-04T09:03:27","guid":{"rendered":"https:\/\/dev.ideos.cat\/metal\/politica-de-cookies\/"},"modified":"2023-05-22T17:01:55","modified_gmt":"2023-05-22T17:01:55","slug":"politica-sui-cookie","status":"publish","type":"page","link":"https:\/\/gilartemetal.com\/it\/politica-sui-cookie\/","title":{"rendered":"Politica sui cookie"},"content":{"rendered":"\t\t<div data-elementor-type=\"wp-page\" data-elementor-id=\"453\" class=\"elementor elementor-453 elementor-29\" data-elementor-post-type=\"page\">\n\t\t\t\t\t\t<section class=\"elementor-section elementor-top-section elementor-element elementor-element-1134be5 elementor-section-boxed elementor-section-height-default elementor-section-height-default\" data-id=\"1134be5\" data-element_type=\"section\">\n\t\t\t\t\t\t<div class=\"elementor-container elementor-column-gap-default\">\n\t\t\t\t\t<div class=\"elementor-column elementor-col-100 elementor-top-column elementor-element elementor-element-beb8cc7\" data-id=\"beb8cc7\" data-element_type=\"column\">\n\t\t\t<div class=\"elementor-widget-wrap elementor-element-populated\">\n\t\t\t\t\t\t<div class=\"elementor-element elementor-element-a735161 elementor-widget elementor-widget-heading\" data-id=\"a735161\" data-element_type=\"widget\" data-widget_type=\"heading.default\">\n\t\t\t\t<div class=\"elementor-widget-container\">\n\t\t\t<style>\/*! elementor - v3.23.0 - 05-08-2024 *\/\n.elementor-heading-title{padding:0;margin:0;line-height:1}.elementor-widget-heading .elementor-heading-title[class*=elementor-size-]>a{color:inherit;font-size:inherit;line-height:inherit}.elementor-widget-heading .elementor-heading-title.elementor-size-small{font-size:15px}.elementor-widget-heading .elementor-heading-title.elementor-size-medium{font-size:19px}.elementor-widget-heading .elementor-heading-title.elementor-size-large{font-size:29px}.elementor-widget-heading .elementor-heading-title.elementor-size-xl{font-size:39px}.elementor-widget-heading .elementor-heading-title.elementor-size-xxl{font-size:59px}<\/style><h1 class=\"elementor-heading-title elementor-size-default\">Pol\u00edtica de cookies<\/h1>\t\t<\/div>\n\t\t\t\t<\/div>\n\t\t\t\t<div class=\"elementor-element elementor-element-f7f803a elementor-widget elementor-widget-text-editor\" data-id=\"f7f803a\" data-element_type=\"widget\" data-widget_type=\"text-editor.default\">\n\t\t\t\t<div class=\"elementor-widget-container\">\n\t\t\t<style>\/*! elementor - v3.23.0 - 05-08-2024 *\/\n.elementor-widget-text-editor.elementor-drop-cap-view-stacked .elementor-drop-cap{background-color:#69727d;color:#fff}.elementor-widget-text-editor.elementor-drop-cap-view-framed .elementor-drop-cap{color:#69727d;border:3px solid;background-color:transparent}.elementor-widget-text-editor:not(.elementor-drop-cap-view-default) .elementor-drop-cap{margin-top:8px}.elementor-widget-text-editor:not(.elementor-drop-cap-view-default) .elementor-drop-cap-letter{width:1em;height:1em}.elementor-widget-text-editor .elementor-drop-cap{float:left;text-align:center;line-height:1;font-size:50px}.elementor-widget-text-editor .elementor-drop-cap-letter{display:inline-block}<\/style>\t\t\t\t<p>Las cookies son ficheros que se descargan en su ordenador al acceder a determinadas p\u00e1ginas web. Las cookies facilitan a una p\u00e1gina web almacenar y recuperar informaci\u00f3n sobre los h\u00e1bitos de navegaci\u00f3n de un cliente y, dependiendo de la informaci\u00f3n que contengan y de la forma en que se utilice su equipo, pueden servir para reconocerlo.<\/p><p>No obstante, estos medios s\u00f3lo obtienen informaci\u00f3n relacionada con el n\u00famero de p\u00e1ginas visitas, la ciudad a la que est\u00e1 asignada la direcci\u00f3n IP desde la que se accede, el n\u00famero de nuevos usuarios, la frecuencia y reincidencia de las visitas, el tiempo de visita, el navegador o el operador o tipo de terminal desde el que se realiza la visita. En ning\u00fan caso se obtienen datos sobre el nombre, apellidos, direcci\u00f3n postal u otros datos an\u00e1logos del usuario que se ha conectado.<\/p><p>Las cookies utilizadas en esta p\u00e1gina Web se clasifican seg\u00fan la siguiente finalidad:<\/p><ul><li style=\"list-style-type: none;\"><ul><li><strong>T\u00e9cnicas o necesarias<\/strong>: Son imprescindibles para garantizar el funcionamiento de la web y, por ello, no se pueden desactivar.<\/li><li><strong>Anal\u00edticas o estad\u00edsticas<\/strong>: Con esta finalidad se emplean cookies propias o de terceros. Se emplean para obtener el n\u00famero de visitas, la frecuencia de las mismas, el uso de las distintas zonas del site\u2026<\/li><li><strong>De personalizaci\u00f3n o preferencia<\/strong>s: Hacen posible conservar perfiles de acceso, como la selecci\u00f3n del idioma, el aspecto de la p\u00e1gina, la configuraci\u00f3n en funci\u00f3n del navegador utilizado\u2026<\/li><li><strong>Publicitarias<\/strong>: Pueden ser propias o de terceros. Guardan datos sobre los h\u00e1bitos de navegaci\u00f3n del usuario para personalizar la publicidad que se le ofrece.<\/li><\/ul><h2>\u00a0<\/h2><\/li><li style=\"list-style-type: none;\"><h2>Declaraci\u00f3n de cookies<\/h2><p>Usted tambi\u00e9n puede permitir, bloquear o eliminar las cookies instaladas en su equipo mediante la configuraci\u00f3n de las opciones de su navegador. Puede encontrar informaci\u00f3n sobre c\u00f3mo hacerlo, en relaci\u00f3n con los navegadores m\u00e1s comunes, en los links que se incluyen a continuaci\u00f3n:<\/p><ul><li style=\"list-style-type: none;\"><ul><li style=\"list-style-type: none;\"><ul><li>Explorer: <a href=\"https:\/\/support.microsoft.com\/es-es\/help\/17442\/windows-internet-explorer-delete-manage-cookies\" target=\"_blank\" rel=\"noopener\">https:\/\/support.microsoft.com\/es-es\/help\/17442\/windows-internet-explorer-delete-manage-cookies<\/a><\/li><li>Firefox: <a href=\"https:\/\/support.mozilla.org\/es\/kb\/habilitar-y-deshabilitar-cookies-sitios-web-rastrear-preferencias\" target=\"_blank\" rel=\"noopener\">https:\/\/support.mozilla.org\/es\/kb\/habilitar-y-deshabilitar-cookies-sitios-web-rastrear-preferencias<\/a><\/li><li>Chrome: <a href=\"https:\/\/support.google.com\/chrome\/bin\/answer.py?hl=es&amp;answer=95647\" target=\"_blank\" rel=\"noopener\">https:\/\/support.google.com\/chrome\/bin\/answer.py?hl=es&amp;answer=95647<\/a><\/li><li>Safari: <a href=\"https:\/\/support.apple.com\/kb\/ph5042\" target=\"_blank\" rel=\"noopener\">https:\/\/support.apple.com\/kb\/ph5042<\/a><\/li><\/ul><\/li><\/ul><\/li><\/ul><p>\u00a0<\/p><\/li><li style=\"list-style-type: none;\"><p>Le informamos, no obstante, de la posibilidad de que la desactivaci\u00f3n de alguna cookie impida o dificulte la navegaci\u00f3n o la prestaci\u00f3n de los servicios ofrecidos en esta Web.\u00a0<\/p><\/li><\/ul>\t\t\t\t\t\t<\/div>\n\t\t\t\t<\/div>\n\t\t\t\t\t<\/div>\n\t\t<\/div>\n\t\t\t\t\t<\/div>\n\t\t<\/section>\n\t\t\t\t<\/div>\n\t\t","protected":false},"excerpt":{"rendered":"<p>Pol\u00edtica de cookies Las cookies son ficheros que se descargan en su ordenador al acceder a determinadas p\u00e1ginas web. Las cookies facilitan a una p\u00e1gina web almacenar y recuperar informaci\u00f3n sobre los h\u00e1bitos de navegaci\u00f3n de un cliente y, dependiendo de la informaci\u00f3n que contengan y de la forma en que se utilice su equipo, [&hellip;]<\/p>\n","protected":false},"author":1,"featured_media":0,"parent":0,"menu_order":0,"comment_status":"closed","ping_status":"closed","template":"elementor_header_footer","meta":{"rank_math_lock_modified_date":false,"site-sidebar-layout":"no-sidebar","site-content-layout":"page-builder","ast-site-content-layout":"","site-content-style":"default","site-sidebar-style":"default","ast-global-header-display":"","ast-banner-title-visibility":"","ast-main-header-display":"","ast-hfb-above-header-display":"","ast-hfb-below-header-display":"","ast-hfb-mobile-header-display":"","site-post-title":"disabled","ast-breadcrumbs-content":"","ast-featured-img":"disabled","footer-sml-layout":"","theme-transparent-header-meta":"","adv-header-id-meta":"","stick-header-meta":"","header-above-stick-meta":"","header-main-stick-meta":"","header-below-stick-meta":"","astra-migrate-meta-layouts":"default","ast-page-background-enabled":"default","ast-page-background-meta":{"desktop":{"background-color":"var(--ast-global-color-4)","background-image":"","background-repeat":"repeat","background-position":"center center","background-size":"auto","background-attachment":"scroll","background-type":"","background-media":"","overlay-type":"","overlay-color":"","overlay-opacity":"","overlay-gradient":""},"tablet":{"background-color":"","background-image":"","background-repeat":"repeat","background-position":"center center","background-size":"auto","background-attachment":"scroll","background-type":"","background-media":"","overlay-type":"","overlay-color":"","overlay-opacity":"","overlay-gradient":""},"mobile":{"background-color":"","background-image":"","background-repeat":"repeat","background-position":"center center","background-size":"auto","background-attachment":"scroll","background-type":"","background-media":"","overlay-type":"","overlay-color":"","overlay-opacity":"","overlay-gradient":""}},"ast-content-background-meta":{"desktop":{"background-color":"var(--ast-global-color-5)","background-image":"","background-repeat":"repeat","background-position":"center center","background-size":"auto","background-attachment":"scroll","background-type":"","background-media":"","overlay-type":"","overlay-color":"","overlay-opacity":"","overlay-gradient":""},"tablet":{"background-color":"var(--ast-global-color-5)","background-image":"","background-repeat":"repeat","background-position":"center center","background-size":"auto","background-attachment":"scroll","background-type":"","background-media":"","overlay-type":"","overlay-color":"","overlay-opacity":"","overlay-gradient":""},"mobile":{"background-color":"var(--ast-global-color-5)","background-image":"","background-repeat":"repeat","background-position":"center center","background-size":"auto","background-attachment":"scroll","background-type":"","background-media":"","overlay-type":"","overlay-color":"","overlay-opacity":"","overlay-gradient":""}},"_joinchat":[],"footnotes":""},"class_list":["post-453","page","type-page","status-publish","hentry"],"_links":{"self":[{"href":"https:\/\/gilartemetal.com\/it\/wp-json\/wp\/v2\/pages\/453","targetHints":{"allow":["GET"]}}],"collection":[{"href":"https:\/\/gilartemetal.com\/it\/wp-json\/wp\/v2\/pages"}],"about":[{"href":"https:\/\/gilartemetal.com\/it\/wp-json\/wp\/v2\/types\/page"}],"author":[{"embeddable":true,"href":"https:\/\/gilartemetal.com\/it\/wp-json\/wp\/v2\/users\/1"}],"replies":[{"embeddable":true,"href":"https:\/\/gilartemetal.com\/it\/wp-json\/wp\/v2\/comments?post=453"}],"version-history":[{"count":1,"href":"https:\/\/gilartemetal.com\/it\/wp-json\/wp\/v2\/pages\/453\/revisions"}],"predecessor-version":[{"id":559,"href":"https:\/\/gilartemetal.com\/it\/wp-json\/wp\/v2\/pages\/453\/revisions\/559"}],"wp:attachment":[{"href":"https:\/\/gilartemetal.com\/it\/wp-json\/wp\/v2\/media?parent=453"}],"curies":[{"name":"wp","href":"https:\/\/api.w.org\/{rel}","templated":true}]}}