{"id":455,"date":"2023-05-04T08:22:50","date_gmt":"2023-05-04T08:22:50","guid":{"rendered":"https:\/\/dev.ideos.cat\/metal\/politica-privacidad\/"},"modified":"2023-05-22T16:20:43","modified_gmt":"2023-05-22T16:20:43","slug":"politique-de-confidentialite","status":"publish","type":"page","link":"https:\/\/gilartemetal.com\/fr\/politique-de-confidentialite\/","title":{"rendered":"Politique de confidentialit\u00e9"},"content":{"rendered":"\t\t<div data-elementor-type=\"wp-page\" data-elementor-id=\"455\" class=\"elementor elementor-455 elementor-3\" data-elementor-post-type=\"page\">\n\t\t\t\t\t\t<section class=\"elementor-section elementor-top-section elementor-element elementor-element-c3e6c0e elementor-section-boxed elementor-section-height-default elementor-section-height-default\" data-id=\"c3e6c0e\" data-element_type=\"section\">\n\t\t\t\t\t\t<div class=\"elementor-container elementor-column-gap-default\">\n\t\t\t\t\t<div class=\"elementor-column elementor-col-100 elementor-top-column elementor-element elementor-element-716eaf3\" data-id=\"716eaf3\" data-element_type=\"column\">\n\t\t\t<div class=\"elementor-widget-wrap elementor-element-populated\">\n\t\t\t\t\t\t<div class=\"elementor-element elementor-element-a2236a2 elementor-widget elementor-widget-heading\" data-id=\"a2236a2\" data-element_type=\"widget\" data-widget_type=\"heading.default\">\n\t\t\t\t<div class=\"elementor-widget-container\">\n\t\t\t<style>\/*! elementor - v3.23.0 - 05-08-2024 *\/\n.elementor-heading-title{padding:0;margin:0;line-height:1}.elementor-widget-heading .elementor-heading-title[class*=elementor-size-]>a{color:inherit;font-size:inherit;line-height:inherit}.elementor-widget-heading .elementor-heading-title.elementor-size-small{font-size:15px}.elementor-widget-heading .elementor-heading-title.elementor-size-medium{font-size:19px}.elementor-widget-heading .elementor-heading-title.elementor-size-large{font-size:29px}.elementor-widget-heading .elementor-heading-title.elementor-size-xl{font-size:39px}.elementor-widget-heading .elementor-heading-title.elementor-size-xxl{font-size:59px}<\/style><h1 class=\"elementor-heading-title elementor-size-default\">Pol\u00edtica de privacidad<\/h1>\t\t<\/div>\n\t\t\t\t<\/div>\n\t\t\t\t<div class=\"elementor-element elementor-element-9b196e9 elementor-widget elementor-widget-text-editor\" data-id=\"9b196e9\" data-element_type=\"widget\" data-widget_type=\"text-editor.default\">\n\t\t\t\t<div class=\"elementor-widget-container\">\n\t\t\t<style>\/*! elementor - v3.23.0 - 05-08-2024 *\/\n.elementor-widget-text-editor.elementor-drop-cap-view-stacked .elementor-drop-cap{background-color:#69727d;color:#fff}.elementor-widget-text-editor.elementor-drop-cap-view-framed .elementor-drop-cap{color:#69727d;border:3px solid;background-color:transparent}.elementor-widget-text-editor:not(.elementor-drop-cap-view-default) .elementor-drop-cap{margin-top:8px}.elementor-widget-text-editor:not(.elementor-drop-cap-view-default) .elementor-drop-cap-letter{width:1em;height:1em}.elementor-widget-text-editor .elementor-drop-cap{float:left;text-align:center;line-height:1;font-size:50px}.elementor-widget-text-editor .elementor-drop-cap-letter{display:inline-block}<\/style>\t\t\t\t<p>A efectos de lo dispuesto en el Reglamento Europeo de Protecci\u00f3n de Datos,Gil Artesania Met\u00e1lica, S.L. le informa que en determinadas \u00e1reas de nuestra Web se solicita al usuario una serie de datos de car\u00e1cter personal.<\/p><p>Gil Artesania Met\u00e1lica, S.L. considera que los datos de los usuarios son de la mayor importancia y por ello se compromete al cumplimiento de su obligaci\u00f3n de secreto de los datos de car\u00e1cter personal y de su deber de tratarlos con confidencialidad, por lo que ha elaborado un Registro de Actividades de Tratamiento que recoge las medidas destinadas a proteger la confidencialidad de los datos de car\u00e1cter personal que obran en su poder, de acuerdo con el Reglamento Europeo de Protecci\u00f3n de Datos.<\/p><p>El usuario siempre tiene la opci\u00f3n de aceptar o rechazar las condiciones legales bajo las cuales facilitar\u00e1 esos datos. Se considera esa aceptaci\u00f3n como consentimiento informado, y autoriza expresamente el tratamiento con las siguientes caracter\u00edsticas:<\/p><ul><li>Responsable del sitio web: Gil Artesania Met\u00e1lica, S.L.<\/li><li>Direcci\u00f3n: Calle Pantoja n\u00fam. 8, (28002), Madrid.<\/li><li>Email de contacto: info@gilartemetal.com<\/li><li>NIF\/CIF: Lorem ipsum<\/li><li>Datos de inscripci\u00f3n en el Registro Mercantil:Lorem ipsum<\/li><\/ul><h2>\u00bfQu\u00e9 datos tratamos?<\/h2><p>Tratamos los datos que usted nos ha facilitado. Teniendo en cuenta el tipo de servicio que le vamos a prestar, podemos tratar datos de las siguientes categor\u00edas:<\/p><ul><li>DATOS DE CAR\u00c1CTER IDENTIFICATIVO<\/li><li>DATOS ECON\u00d3MICO\/FINANCIEROS<\/li><li>DATOS DE EMPLEO<\/li><\/ul><h2>\u00bfCon qu\u00e9 finalidad tratamos sus datos personales?<\/h2><p>En nuestra empresa tratamos, principalmente, la informaci\u00f3n que nos facilitan nuestros clientes para realizar las gestiones encomendadas por \u00e9stos. Tambi\u00e9n podemos utilizar sus datos para tramitar otras solicitudes que nos haya podido realizar.<\/p><h2>\u00bfPor cu\u00e1nto tiempo conservamos sus datos?<\/h2><p>Los datos se conservar\u00e1n durante los periodos que resulten necesarios para la prestaci\u00f3n de servicios. Posteriormente ser\u00e1n bloqueados, conserv\u00e1ndose hasta se extingan las posibles responsabilidades derivadas del tratamiento.<\/p><h2>\u00bfCu\u00e1l es la legitimaci\u00f3n para el tratamiento de sus datos?<\/h2><p>Las causas que legitiman a Gil Artesania Met\u00e1lica, S.L. para el tratamiento se basan en dos supuestos:<\/p><ul><li>Ejecuci\u00f3n del contrato de prestaci\u00f3n de servicios.<\/li><li>Consentimiento del afectado, necesario para la tramitaci\u00f3n de las solicitudes de informaci\u00f3n que haya podido realizar por medio de nuestra p\u00e1gina web.<\/li><\/ul><h2>\u00bfA qu\u00e9 destinatarios se comunicar\u00e1n sus datos?<\/h2><p>Los datos que nos facilite no ser\u00e1n objeto de cesi\u00f3n, excepto en aquellos supuestos que as\u00ed lo exija la Ley.<\/p><h2>\u00bfC\u00f3mo hemos obtenido sus datos?<\/h2><p>Los datos a los que tenemos acceso han sido recabados directamente del interesado o de su representante legal. No se tratan datos procedentes de otras fuentes ni empresas.\u00a0<\/p>\t\t\t\t\t\t<\/div>\n\t\t\t\t<\/div>\n\t\t\t\t\t<\/div>\n\t\t<\/div>\n\t\t\t\t\t<\/div>\n\t\t<\/section>\n\t\t\t\t<\/div>\n\t\t","protected":false},"excerpt":{"rendered":"<p>Pol\u00edtica de privacidad A efectos de lo dispuesto en el Reglamento Europeo de Protecci\u00f3n de Datos,Gil Artesania Met\u00e1lica, S.L. le informa que en determinadas \u00e1reas de nuestra Web se solicita al usuario una serie de datos de car\u00e1cter personal. Gil Artesania Met\u00e1lica, S.L. considera que los datos de los usuarios son de la mayor importancia [&hellip;]<\/p>\n","protected":false},"author":1,"featured_media":0,"parent":0,"menu_order":0,"comment_status":"closed","ping_status":"open","template":"elementor_header_footer","meta":{"rank_math_lock_modified_date":false,"site-sidebar-layout":"default","site-content-layout":"","ast-site-content-layout":"","site-content-style":"default","site-sidebar-style":"default","ast-global-header-display":"","ast-banner-title-visibility":"","ast-main-header-display":"","ast-hfb-above-header-display":"","ast-hfb-below-header-display":"","ast-hfb-mobile-header-display":"","site-post-title":"","ast-breadcrumbs-content":"","ast-featured-img":"","footer-sml-layout":"","theme-transparent-header-meta":"","adv-header-id-meta":"","stick-header-meta":"","header-above-stick-meta":"","header-main-stick-meta":"","header-below-stick-meta":"","astra-migrate-meta-layouts":"default","ast-page-background-enabled":"default","ast-page-background-meta":{"desktop":{"background-color":"var(--ast-global-color-4)","background-image":"","background-repeat":"repeat","background-position":"center center","background-size":"auto","background-attachment":"scroll","background-type":"","background-media":"","overlay-type":"","overlay-color":"","overlay-opacity":"","overlay-gradient":""},"tablet":{"background-color":"","background-image":"","background-repeat":"repeat","background-position":"center center","background-size":"auto","background-attachment":"scroll","background-type":"","background-media":"","overlay-type":"","overlay-color":"","overlay-opacity":"","overlay-gradient":""},"mobile":{"background-color":"","background-image":"","background-repeat":"repeat","background-position":"center center","background-size":"auto","background-attachment":"scroll","background-type":"","background-media":"","overlay-type":"","overlay-color":"","overlay-opacity":"","overlay-gradient":""}},"ast-content-background-meta":{"desktop":{"background-color":"var(--ast-global-color-5)","background-image":"","background-repeat":"repeat","background-position":"center center","background-size":"auto","background-attachment":"scroll","background-type":"","background-media":"","overlay-type":"","overlay-color":"","overlay-opacity":"","overlay-gradient":""},"tablet":{"background-color":"var(--ast-global-color-5)","background-image":"","background-repeat":"repeat","background-position":"center center","background-size":"auto","background-attachment":"scroll","background-type":"","background-media":"","overlay-type":"","overlay-color":"","overlay-opacity":"","overlay-gradient":""},"mobile":{"background-color":"var(--ast-global-color-5)","background-image":"","background-repeat":"repeat","background-position":"center center","background-size":"auto","background-attachment":"scroll","background-type":"","background-media":"","overlay-type":"","overlay-color":"","overlay-opacity":"","overlay-gradient":""}},"_joinchat":[],"footnotes":""},"class_list":["post-455","page","type-page","status-publish","hentry"],"_links":{"self":[{"href":"https:\/\/gilartemetal.com\/fr\/wp-json\/wp\/v2\/pages\/455","targetHints":{"allow":["GET"]}}],"collection":[{"href":"https:\/\/gilartemetal.com\/fr\/wp-json\/wp\/v2\/pages"}],"about":[{"href":"https:\/\/gilartemetal.com\/fr\/wp-json\/wp\/v2\/types\/page"}],"author":[{"embeddable":true,"href":"https:\/\/gilartemetal.com\/fr\/wp-json\/wp\/v2\/users\/1"}],"replies":[{"embeddable":true,"href":"https:\/\/gilartemetal.com\/fr\/wp-json\/wp\/v2\/comments?post=455"}],"version-history":[{"count":1,"href":"https:\/\/gilartemetal.com\/fr\/wp-json\/wp\/v2\/pages\/455\/revisions"}],"predecessor-version":[{"id":525,"href":"https:\/\/gilartemetal.com\/fr\/wp-json\/wp\/v2\/pages\/455\/revisions\/525"}],"wp:attachment":[{"href":"https:\/\/gilartemetal.com\/fr\/wp-json\/wp\/v2\/media?parent=455"}],"curies":[{"name":"wp","href":"https:\/\/api.w.org\/{rel}","templated":true}]}}